{"id":408,"date":"2024-04-09T13:41:50","date_gmt":"2024-04-09T11:41:50","guid":{"rendered":"https:\/\/telur.es\/web\/contact\/"},"modified":"2024-06-19T08:49:00","modified_gmt":"2024-06-19T06:49:00","slug":"contact","status":"publish","type":"page","link":"https:\/\/telur.es\/web\/en\/contact\/","title":{"rendered":"Contact"},"content":{"rendered":"","protected":false},"excerpt":{"rendered":"","protected":false},"author":1,"featured_media":359,"parent":0,"menu_order":0,"comment_status":"closed","ping_status":"closed","template":"","meta":{"footnotes":""},"class_list":["post-408","page","type-page","status-publish","has-post-thumbnail","hentry"],"yoast_head":"<!-- This site is optimized with the Yoast SEO plugin v23.0 - https:\/\/yoast.com\/wordpress\/plugins\/seo\/ -->\n<title>Contact - Telur<\/title>\n<meta name=\"robots\" content=\"index, follow, max-snippet:-1, max-image-preview:large, max-video-preview:-1\" \/>\n<link rel=\"canonical\" href=\"https:\/\/telur.es\/web\/en\/contact\/\" \/>\n<meta property=\"og:locale\" content=\"en_US\" \/>\n<meta property=\"og:type\" content=\"article\" \/>\n<meta property=\"og:title\" content=\"Contact - Telur\" \/>\n<meta property=\"og:url\" content=\"https:\/\/telur.es\/web\/en\/contact\/\" \/>\n<meta property=\"og:site_name\" content=\"Telur\" \/>\n<meta property=\"article:modified_time\" content=\"2024-06-19T06:49:00+00:00\" \/>\n<meta property=\"og:image\" content=\"https:\/\/telur.es\/web\/wp-content\/uploads\/2024\/05\/CONTACTO.jpg\" \/>\n\t<meta property=\"og:image:width\" content=\"960\" \/>\n\t<meta property=\"og:image:height\" content=\"860\" \/>\n\t<meta property=\"og:image:type\" content=\"image\/jpeg\" \/>\n<meta name=\"twitter:card\" content=\"summary_large_image\" \/>\n<script type=\"application\/ld+json\" class=\"yoast-schema-graph\">{\"@context\":\"https:\/\/schema.org\",\"@graph\":[{\"@type\":\"WebPage\",\"@id\":\"https:\/\/telur.es\/web\/en\/contact\/\",\"url\":\"https:\/\/telur.es\/web\/en\/contact\/\",\"name\":\"Contact - Telur\",\"isPartOf\":{\"@id\":\"https:\/\/telur.es\/web\/en\/#website\"},\"primaryImageOfPage\":{\"@id\":\"https:\/\/telur.es\/web\/en\/contact\/#primaryimage\"},\"image\":{\"@id\":\"https:\/\/telur.es\/web\/en\/contact\/#primaryimage\"},\"thumbnailUrl\":\"https:\/\/telur.es\/web\/wp-content\/uploads\/2024\/05\/CONTACTO.jpg\",\"datePublished\":\"2024-04-09T11:41:50+00:00\",\"dateModified\":\"2024-06-19T06:49:00+00:00\",\"breadcrumb\":{\"@id\":\"https:\/\/telur.es\/web\/en\/contact\/#breadcrumb\"},\"inLanguage\":\"en-US\",\"potentialAction\":[{\"@type\":\"ReadAction\",\"target\":[\"https:\/\/telur.es\/web\/en\/contact\/\"]}]},{\"@type\":\"ImageObject\",\"inLanguage\":\"en-US\",\"@id\":\"https:\/\/telur.es\/web\/en\/contact\/#primaryimage\",\"url\":\"https:\/\/telur.es\/web\/wp-content\/uploads\/2024\/05\/CONTACTO.jpg\",\"contentUrl\":\"https:\/\/telur.es\/web\/wp-content\/uploads\/2024\/05\/CONTACTO.jpg\",\"width\":960,\"height\":860},{\"@type\":\"BreadcrumbList\",\"@id\":\"https:\/\/telur.es\/web\/en\/contact\/#breadcrumb\",\"itemListElement\":[{\"@type\":\"ListItem\",\"position\":1,\"name\":\"Home\",\"item\":\"https:\/\/telur.es\/web\/en\/home\/\"},{\"@type\":\"ListItem\",\"position\":2,\"name\":\"Contact\"}]},{\"@type\":\"WebSite\",\"@id\":\"https:\/\/telur.es\/web\/en\/#website\",\"url\":\"https:\/\/telur.es\/web\/en\/\",\"name\":\"Telur\",\"description\":\"Soluciones de geointercambio para la descarbonizaci\u00f3n de la  producci\u00f3n t\u00e9rmica\",\"publisher\":{\"@id\":\"https:\/\/telur.es\/web\/en\/#organization\"},\"potentialAction\":[{\"@type\":\"SearchAction\",\"target\":{\"@type\":\"EntryPoint\",\"urlTemplate\":\"https:\/\/telur.es\/web\/en\/?s={search_term_string}\"},\"query-input\":\"required name=search_term_string\"}],\"inLanguage\":\"en-US\"},{\"@type\":\"Organization\",\"@id\":\"https:\/\/telur.es\/web\/en\/#organization\",\"name\":\"Telur\",\"url\":\"https:\/\/telur.es\/web\/en\/\",\"logo\":{\"@type\":\"ImageObject\",\"inLanguage\":\"en-US\",\"@id\":\"https:\/\/telur.es\/web\/en\/#\/schema\/logo\/image\/\",\"url\":\"https:\/\/telur.es\/web\/wp-content\/uploads\/2024\/04\/LOGO.svg\",\"contentUrl\":\"https:\/\/telur.es\/web\/wp-content\/uploads\/2024\/04\/LOGO.svg\",\"width\":256,\"height\":122,\"caption\":\"Telur\"},\"image\":{\"@id\":\"https:\/\/telur.es\/web\/en\/#\/schema\/logo\/image\/\"}}]}<\/script>\n<!-- \/ Yoast SEO plugin. -->","yoast_head_json":{"title":"Contact - Telur","robots":{"index":"index","follow":"follow","max-snippet":"max-snippet:-1","max-image-preview":"max-image-preview:large","max-video-preview":"max-video-preview:-1"},"canonical":"https:\/\/telur.es\/web\/en\/contact\/","og_locale":"en_US","og_type":"article","og_title":"Contact - Telur","og_url":"https:\/\/telur.es\/web\/en\/contact\/","og_site_name":"Telur","article_modified_time":"2024-06-19T06:49:00+00:00","og_image":[{"width":960,"height":860,"url":"https:\/\/telur.es\/web\/wp-content\/uploads\/2024\/05\/CONTACTO.jpg","type":"image\/jpeg"}],"twitter_card":"summary_large_image","schema":{"@context":"https:\/\/schema.org","@graph":[{"@type":"WebPage","@id":"https:\/\/telur.es\/web\/en\/contact\/","url":"https:\/\/telur.es\/web\/en\/contact\/","name":"Contact - Telur","isPartOf":{"@id":"https:\/\/telur.es\/web\/en\/#website"},"primaryImageOfPage":{"@id":"https:\/\/telur.es\/web\/en\/contact\/#primaryimage"},"image":{"@id":"https:\/\/telur.es\/web\/en\/contact\/#primaryimage"},"thumbnailUrl":"https:\/\/telur.es\/web\/wp-content\/uploads\/2024\/05\/CONTACTO.jpg","datePublished":"2024-04-09T11:41:50+00:00","dateModified":"2024-06-19T06:49:00+00:00","breadcrumb":{"@id":"https:\/\/telur.es\/web\/en\/contact\/#breadcrumb"},"inLanguage":"en-US","potentialAction":[{"@type":"ReadAction","target":["https:\/\/telur.es\/web\/en\/contact\/"]}]},{"@type":"ImageObject","inLanguage":"en-US","@id":"https:\/\/telur.es\/web\/en\/contact\/#primaryimage","url":"https:\/\/telur.es\/web\/wp-content\/uploads\/2024\/05\/CONTACTO.jpg","contentUrl":"https:\/\/telur.es\/web\/wp-content\/uploads\/2024\/05\/CONTACTO.jpg","width":960,"height":860},{"@type":"BreadcrumbList","@id":"https:\/\/telur.es\/web\/en\/contact\/#breadcrumb","itemListElement":[{"@type":"ListItem","position":1,"name":"Home","item":"https:\/\/telur.es\/web\/en\/home\/"},{"@type":"ListItem","position":2,"name":"Contact"}]},{"@type":"WebSite","@id":"https:\/\/telur.es\/web\/en\/#website","url":"https:\/\/telur.es\/web\/en\/","name":"Telur","description":"Soluciones de geointercambio para la descarbonizaci\u00f3n de la  producci\u00f3n t\u00e9rmica","publisher":{"@id":"https:\/\/telur.es\/web\/en\/#organization"},"potentialAction":[{"@type":"SearchAction","target":{"@type":"EntryPoint","urlTemplate":"https:\/\/telur.es\/web\/en\/?s={search_term_string}"},"query-input":"required name=search_term_string"}],"inLanguage":"en-US"},{"@type":"Organization","@id":"https:\/\/telur.es\/web\/en\/#organization","name":"Telur","url":"https:\/\/telur.es\/web\/en\/","logo":{"@type":"ImageObject","inLanguage":"en-US","@id":"https:\/\/telur.es\/web\/en\/#\/schema\/logo\/image\/","url":"https:\/\/telur.es\/web\/wp-content\/uploads\/2024\/04\/LOGO.svg","contentUrl":"https:\/\/telur.es\/web\/wp-content\/uploads\/2024\/04\/LOGO.svg","width":256,"height":122,"caption":"Telur"},"image":{"@id":"https:\/\/telur.es\/web\/en\/#\/schema\/logo\/image\/"}}]}},"acf":[],"_links":{"self":[{"href":"https:\/\/telur.es\/web\/en\/wp-json\/wp\/v2\/pages\/408"}],"collection":[{"href":"https:\/\/telur.es\/web\/en\/wp-json\/wp\/v2\/pages"}],"about":[{"href":"https:\/\/telur.es\/web\/en\/wp-json\/wp\/v2\/types\/page"}],"author":[{"embeddable":true,"href":"https:\/\/telur.es\/web\/en\/wp-json\/wp\/v2\/users\/1"}],"replies":[{"embeddable":true,"href":"https:\/\/telur.es\/web\/en\/wp-json\/wp\/v2\/comments?post=408"}],"version-history":[{"count":1,"href":"https:\/\/telur.es\/web\/en\/wp-json\/wp\/v2\/pages\/408\/revisions"}],"predecessor-version":[{"id":462,"href":"https:\/\/telur.es\/web\/en\/wp-json\/wp\/v2\/pages\/408\/revisions\/462"}],"wp:featuredmedia":[{"embeddable":true,"href":"https:\/\/telur.es\/web\/en\/wp-json\/wp\/v2\/media\/359"}],"wp:attachment":[{"href":"https:\/\/telur.es\/web\/en\/wp-json\/wp\/v2\/media?parent=408"}],"curies":[{"name":"wp","href":"https:\/\/api.w.org\/{rel}","templated":true}]}}